{"id":3,"date":"2022-02-16T12:34:04","date_gmt":"2022-02-16T11:34:04","guid":{"rendered":"https:\/\/elementor.043basis.nl\/?page_id=3"},"modified":"2023-05-25T14:06:10","modified_gmt":"2023-05-25T12:06:10","slug":"erklarung-zum-datenschutz","status":"publish","type":"page","link":"https:\/\/maastrichtheuvelland.com\/de\/privacyverklaring\/","title":{"rendered":"Erkl\u00e4rung zum Datenschutz"},"content":{"rendered":"<div data-elementor-type=\"wp-page\" data-elementor-id=\"3\" class=\"elementor elementor-3\" data-elementor-post-type=\"page\">\n\t\t\t\t<div class=\"elementor-element elementor-element-c05354d e-flex e-con-boxed elementor-invisible e-con e-parent\" data-id=\"c05354d\" data-element_type=\"container\" data-e-type=\"container\" data-settings=\"{&quot;background_background&quot;:&quot;classic&quot;,&quot;animation&quot;:&quot;fadeIn&quot;,&quot;jet_parallax_layout_list&quot;:[]}\">\n\t\t\t\t\t<div class=\"e-con-inner\">\n\t\t\t\t<div class=\"elementor-element elementor-element-444db82 elementor-widget-mobile__width-inherit elementor-invisible elementor-widget elementor-widget-heading\" data-id=\"444db82\" data-element_type=\"widget\" data-e-type=\"widget\" data-settings=\"{&quot;_animation&quot;:&quot;fadeInUp&quot;}\" data-widget_type=\"heading.default\">\n\t\t\t\t<div class=\"elementor-widget-container\">\n\t\t\t\t\t<h1 class=\"elementor-heading-title elementor-size-default\">Erkl\u00e4rung zum Datenschutz<\/h1>\t\t\t\t<\/div>\n\t\t\t\t<\/div>\n\t\t\t\t\t<\/div>\n\t\t\t\t<\/div>\n\t\t<div class=\"elementor-element elementor-element-a1eee65 e-flex e-con-boxed e-con e-parent\" data-id=\"a1eee65\" data-element_type=\"container\" data-e-type=\"container\" data-settings=\"{&quot;jet_parallax_layout_list&quot;:[]}\">\n\t\t\t\t\t<div class=\"e-con-inner\">\n\t\t<div class=\"elementor-element elementor-element-843f8cb e-con-full e-flex e-con e-parent\" data-id=\"843f8cb\" data-element_type=\"container\" data-e-type=\"container\" data-settings=\"{&quot;jet_parallax_layout_list&quot;:[]}\">\n\t\t\t\t<div class=\"elementor-element elementor-element-df1069f elementor-widget elementor-widget-heading\" data-id=\"df1069f\" data-element_type=\"widget\" data-e-type=\"widget\" data-widget_type=\"heading.default\">\n\t\t\t\t<div class=\"elementor-widget-container\">\n\t\t\t\t\t<h2 class=\"elementor-heading-title elementor-size-default\">Datenschutzerkl\u00e4rung Maastricht Culinair<\/h2>\t\t\t\t<\/div>\n\t\t\t\t<\/div>\n\t\t\t\t<div class=\"elementor-element elementor-element-3f7de8c elementor-widget elementor-widget-text-editor\" data-id=\"3f7de8c\" data-element_type=\"widget\" data-e-type=\"widget\" data-widget_type=\"text-editor.default\">\n\t\t\t\t<div class=\"elementor-widget-container\">\n\t\t\t\t\t\t\t\t\t<header class=\"header\">\n<p>Datenschutzerkl\u00e4rung Maastricht Heuvelland Culinair<br \/>Maastricht Heuvelland Culinair sch\u00e4tzt Ihre Privatsph\u00e4re. Deshalb verarbeiten und nutzen wir Ihre Daten auf sichere Art und Weise, ganz im Einklang mit der Allgemeinen Datenschutzverordnung. In dieser Datenschutzerkl\u00e4rung erkl\u00e4ren wir, welche Daten wir von Ihnen erheben und warum wir dies tun. Sie k\u00f6nnen auch nachlesen, welche Rechte Sie in Bezug auf diese Verarbeitung haben. Bei Fragen zu Ihrem Datenschutz wenden Sie sich bitte an <a href=\"mailto:secretariaat@maastrichtheuvellandculinair.com\">secretariaat@maastrichtheuvellandculinair.com<\/a>.<\/p>\n<p><strong>Artikel 1 Wer sind wir?<\/strong><br \/>Maastricht Heuvelland Culinair ist eine Stiftung mit Sitz in (6212 EG) Maastricht, Sebastianenweg 41. Wir sind im Handelsregister der Handelskammer unter der Nummer 41077432 eingetragen. Wir sind der f\u00fcr die Verarbeitung Ihrer personenbezogenen Daten Verantwortliche.<\/p>\n<p><strong>Artikel 2 Welche Daten verwenden wir?<\/strong><br \/>Hier finden Sie einen \u00dcberblick dar\u00fcber, welche Daten wir verarbeiten, warum wir dies tun, auf welcher Rechtsgrundlage wir diese Daten von Ihnen verarbeiten d\u00fcrfen und wie lange wir sie aufbewahren werden.<\/p>\n<p>Wir verarbeiten Ihren Namen, Ihre E-Mail-Adresse, Ihre Adresse, Ihre Telefonnummer und andere Daten, die erforderlich sind, um Ihnen unsere Dienstleistungen bestm\u00f6glich zu erbringen und die Erf\u00fcllung des Vertrags zu erm\u00f6glichen. Wir verwenden diese Daten, um Sie zu einem zufriedenen Kunden zu machen. Wir bewahren diese Daten so lange auf, wie die Website online ist.<\/p>\n<p>Wir verwenden Ihren Namen und Ihre E-Mail-Adresse f\u00fcr den Versand des Newsletters nur mit Ihrer ausdr\u00fccklichen Einwilligung und speichern sie nicht l\u00e4nger, als Sie unseren Newsletter abonniert haben.<\/p>\n<p>Um Bestellungen im Webshop zu verwalten, verarbeiten wir Ihren Namen, Ihre Lieferadresse, Ihre Rechnungsadresse, Ihre E-Mail-Adresse, Ihre Telefonangaben und Ihre Zahlungsmethode. Ohne diese Daten k\u00f6nnen wir unsere Produkte nicht an Sie liefern. Wir verarbeiten diese Daten daher zum Zweck der Erf\u00fcllung unseres Vertrags.<\/p>\n<p>F\u00fcr die Rechnungsstellung und unsere Finanzunterlagen verarbeiten wir Ihren Namen, Ihren Firmennamen, Ihre Rechnungsanschrift, Ihre Handelskammernummer, Ihre Umsatzsteuer-Identifikationsnummer, Ihre E-Mail-Adresse, Ihre Bankverbindung und Ihren offenen Saldo. Ohne diese Daten k\u00f6nnen wir Ihre Zahlung nicht bearbeiten. Wir ben\u00f6tigen diese Daten daher f\u00fcr die Erf\u00fcllung des Vertrags. Aufgrund der gesetzlichen Verpflichtung des Finanzamtes werden wir diese Daten nach sieben Jahren von Ihnen l\u00f6schen.<\/p>\n<p>F\u00fcr den unwahrscheinlichen Fall, dass Sie eine Beschwerde \u00fcber unseren Service haben, werden wir Ihren Namen, Ihre E-Mail und den Inhalt dieser Beschwerde verarbeiten, um die bestm\u00f6gliche L\u00f6sung f\u00fcr Sie zu finden. Wir werden diese Daten f\u00fcr die bestm\u00f6gliche Erf\u00fcllung des Vertrags verwenden. Wir l\u00f6schen die Daten im Zusammenhang mit Beschwerden, nachdem die Beschwerde bearbeitet worden ist.<\/p>\n<p>Um diese Website zu erm\u00f6glichen und zu optimieren, nutzen wir Analysedienste. Sie haben sich eindeutig damit einverstanden erkl\u00e4rt, dass wir Ihr Surfverhalten und die damit verbundenen Daten nutzen, um unseren Service zu analysieren und gegebenenfalls zu verbessern. Wir werden Ihre Nutzung unserer Website mit Google Analytics verfolgen und sind an die Aufbewahrungsfristen von Google gebunden.<\/p>\n<p>Um das Posten von Kommentaren unter unseren Beitr\u00e4gen oder Bewertungen unserer Dienstleistungen zu erm\u00f6glichen, verarbeiten wir Ihren Namen, Ihre E-Mail und den Inhalt Ihrer Nachricht. Mit der Ver\u00f6ffentlichung Ihrer Nachricht werden diese Daten automatisch sichtbar. Wir bewahren diese Daten auf, bis Sie Ihren Kommentar l\u00f6schen oder wir unsere Nachricht l\u00f6schen.<\/p>\n<p><strong>Artikel 3 Wie kommen wir an diese Daten?<\/strong><br \/>Wir haben die oben genannten Daten von Ihnen als Kunde erhalten, weil Sie sie uns zur Verf\u00fcgung gestellt haben.<\/p>\n<p><strong>Artikel 4 Welche Rechte haben Sie in Bezug auf diese Daten?<\/strong><br \/>Die Allgemeine Datenschutzverordnung gibt Ihnen eine Reihe von Rechten in Bezug auf die personenbezogenen Daten, deren Verarbeitung Sie uns gestattet haben.<\/p>\n<p>Einsichtnahme - Sie k\u00f6nnen jederzeit Einsicht in Ihre Daten verlangen.<\/p>\n<p>\u00c4nderung - Wenn Sie Ihre Daten \u00e4ndern, berichtigen, erg\u00e4nzen, sperren oder l\u00f6schen lassen wollen, k\u00f6nnen Sie einen entsprechenden Antrag stellen. Sie k\u00f6nnen einige Daten auch selbst in Ihrem pers\u00f6nlichen Bestellkonto in unserem Webshop \u00e4ndern.<\/p>\n<p>Einspruch - Sie k\u00f6nnen der Verarbeitung Ihrer Daten auf der Rechtsgrundlage des berechtigten Interesses von Maastricht Culinair widersprechen.<\/p>\n<p>Daten\u00fcbermittlung - Sollten Sie Ihre Daten an einen anderen Anbieter \u00fcbermitteln wollen, stellen wir Ihnen Ihre Daten in einer strukturierten und g\u00e4ngigen Form zur Verf\u00fcgung, auf die mit g\u00e4ngigen digitalen Systemen zugegriffen werden kann.<\/p>\n<p>Widerruf - Wenn wir Daten auf der Grundlage Ihrer ausdr\u00fccklichen Zustimmung verarbeitet haben, haben Sie das Recht, diese Zustimmung zu widerrufen. Dies kann durchaus Auswirkungen auf die Dienstleistungen haben, die wir Ihnen anbieten k\u00f6nnen.<\/p>\n<p>Um Ihre Rechte wahrzunehmen, senden Sie bitte einen Antrag an <a href=\"mailto:secretariaat@maastrichtheuvellandculinair.com\">secretariaat@maastrichtheuvellandculinair.com<\/a>. Wir werden Ihren Antrag so schnell wie m\u00f6glich pr\u00fcfen. Wenn wir Ihrem Antrag nicht nachkommen k\u00f6nnen, teilen wir Ihnen mit, warum wir Ihren Antrag ablehnen.<\/p>\n<p><strong>Artikel 5 Wer erh\u00e4lt Ihre Daten?<\/strong><br \/>Maastricht Culinair wird Ihre Daten nicht an Dritte weitergeben, es sei denn, dies ist f\u00fcr die Durchf\u00fchrung unserer Gesch\u00e4fte erforderlich oder gesetzlich vorgeschrieben. Ihre Daten k\u00f6nnen an Verarbeiter und Parteien weitergegeben werden, die an der Erf\u00fcllung unserer Vereinbarung beteiligt sind. Wir werden Ihre Daten nicht an Dritte weiterverkaufen.<\/p>\n<p><strong>Artikel 6 Cookies<\/strong><br \/>Cookies sind kleine Informationseinheiten, die an Ihren Browser gesendet werden, wenn Sie unsere Website besuchen, und die dann auf der Festplatte oder im Speicher des Ger\u00e4ts gespeichert werden, das Sie zum Besuch unserer Website verwenden. Diese Cookies besch\u00e4digen Ihre Ger\u00e4te nicht.<\/p>\n<p><strong>Artikel 7 Schlussbestimmungen<\/strong><br \/>Wir empfehlen Ihnen, diese Datenschutzerkl\u00e4rung regelm\u00e4\u00dfig zu lesen, da wir \u00c4nderungen an unserer Politik vornehmen k\u00f6nnen. Wenn Sie Fragen zu dieser Erkl\u00e4rung oder zur Verwendung Ihrer Daten haben, senden Sie bitte eine E-Mail an <a href=\"mailto:secretariaat@maastrichtheuvellandculinair.com\">secretariaat@maastrichtheuvellandculinair.com<\/a>. Wenn Sie eine Beschwerde \u00fcber die Art und Weise haben, wie wir Ihre Daten behandeln, k\u00f6nnen Sie uns dies ebenfalls mitteilen. Dar\u00fcber hinaus k\u00f6nnen Sie sich an die Beh\u00f6rde f\u00fcr personenbezogene Daten wenden.<\/p>\n<\/header>\t\t\t\t\t\t\t\t<\/div>\n\t\t\t\t<\/div>\n\t\t\t\t<\/div>\n\t\t\t\t\t<\/div>\n\t\t\t\t<\/div>\n\t\t\t\t<\/div>","protected":false},"excerpt":{"rendered":"<p>Privacyverklaring Privacyverklaring Maastricht Culinair Privacyverklaring Maastricht Heuvelland CulinairMaastricht Heuvelland Culinair vindt uw privacy erg belangrijk. Wij zullen uw gegevens dan ook op een veilige manier verwerken en gebruiken, geheel volgens de Algemene Verordening Gegevensbescherming. In deze privacyverklaring leggen we uit welke gegevens wij van u verzamelen en waarom we dit doen. Ook kunt u lezen [&hellip;]<\/p>\n","protected":false},"author":1,"featured_media":0,"parent":0,"menu_order":0,"comment_status":"closed","ping_status":"closed","template":"elementor_header_footer","meta":{"footnotes":""},"class_list":["post-3","page","type-page","status-publish","hentry"],"_links":{"self":[{"href":"https:\/\/maastrichtheuvelland.com\/de\/wp-json\/wp\/v2\/pages\/3","targetHints":{"allow":["GET"]}}],"collection":[{"href":"https:\/\/maastrichtheuvelland.com\/de\/wp-json\/wp\/v2\/pages"}],"about":[{"href":"https:\/\/maastrichtheuvelland.com\/de\/wp-json\/wp\/v2\/types\/page"}],"author":[{"embeddable":true,"href":"https:\/\/maastrichtheuvelland.com\/de\/wp-json\/wp\/v2\/users\/1"}],"replies":[{"embeddable":true,"href":"https:\/\/maastrichtheuvelland.com\/de\/wp-json\/wp\/v2\/comments?post=3"}],"version-history":[{"count":5,"href":"https:\/\/maastrichtheuvelland.com\/de\/wp-json\/wp\/v2\/pages\/3\/revisions"}],"predecessor-version":[{"id":994,"href":"https:\/\/maastrichtheuvelland.com\/de\/wp-json\/wp\/v2\/pages\/3\/revisions\/994"}],"wp:attachment":[{"href":"https:\/\/maastrichtheuvelland.com\/de\/wp-json\/wp\/v2\/media?parent=3"}],"curies":[{"name":"wp","href":"https:\/\/api.w.org\/{rel}","templated":true}]}}