{"id":3735,"date":"2024-08-21T11:04:46","date_gmt":"2024-08-21T09:04:46","guid":{"rendered":"https:\/\/maastrichtheuvelland.com\/?page_id=3735"},"modified":"2024-08-21T11:28:01","modified_gmt":"2024-08-21T09:28:01","slug":"bedingungen-und-konditionen","status":"publish","type":"page","link":"https:\/\/maastrichtheuvelland.com\/de\/algemene-voorwaarden\/","title":{"rendered":"Allgemeine Bedingungen und Konditionen"},"content":{"rendered":"<div data-elementor-type=\"wp-page\" data-elementor-id=\"3735\" class=\"elementor elementor-3735\" data-elementor-post-type=\"page\">\n\t\t\t\t<div class=\"elementor-element elementor-element-c05354d e-flex e-con-boxed elementor-invisible e-con e-parent\" data-id=\"c05354d\" data-element_type=\"container\" data-e-type=\"container\" data-settings=\"{&quot;background_background&quot;:&quot;classic&quot;,&quot;animation&quot;:&quot;fadeIn&quot;,&quot;jet_parallax_layout_list&quot;:[]}\">\n\t\t\t\t\t<div class=\"e-con-inner\">\n\t\t\t\t<div class=\"elementor-element elementor-element-444db82 elementor-widget-mobile__width-inherit elementor-invisible elementor-widget elementor-widget-heading\" data-id=\"444db82\" data-element_type=\"widget\" data-e-type=\"widget\" data-settings=\"{&quot;_animation&quot;:&quot;fadeInUp&quot;}\" data-widget_type=\"heading.default\">\n\t\t\t\t<div class=\"elementor-widget-container\">\n\t\t\t\t\t<h1 class=\"elementor-heading-title elementor-size-default\">Allgemeine Bedingungen und Konditionen<\/h1>\t\t\t\t<\/div>\n\t\t\t\t<\/div>\n\t\t\t\t\t<\/div>\n\t\t\t\t<\/div>\n\t\t<div class=\"elementor-element elementor-element-a1eee65 e-flex e-con-boxed e-con e-parent\" data-id=\"a1eee65\" data-element_type=\"container\" data-e-type=\"container\" data-settings=\"{&quot;jet_parallax_layout_list&quot;:[]}\">\n\t\t\t\t\t<div class=\"e-con-inner\">\n\t\t<div class=\"elementor-element elementor-element-843f8cb e-con-full e-flex e-con e-child\" data-id=\"843f8cb\" data-element_type=\"container\" data-e-type=\"container\" data-settings=\"{&quot;jet_parallax_layout_list&quot;:[]}\">\n\t\t\t\t<div class=\"elementor-element elementor-element-3f7de8c elementor-widget elementor-widget-text-editor\" data-id=\"3f7de8c\" data-element_type=\"widget\" data-e-type=\"widget\" data-widget_type=\"text-editor.default\">\n\t\t\t\t<div class=\"elementor-widget-container\">\n\t\t\t\t\t\t\t\t\t<p><\/p>\n<header>\n<p><strong>Anwendbarkeit<\/strong><br \/>F\u00fcr alle Reservierungen und Dienstleistungen gelten die allgemeinen Gesch\u00e4ftsbedingungen der teilnehmenden Restaurants und Tastemaker. Maastricht Heuvelland Culinair vermittelt lediglich und \u00fcbernimmt keine Verantwortung f\u00fcr die Erbringung der Dienstleistungen durch diese Parteien.<\/p>\n<p><strong>Mediation<\/strong><br \/>Maastricht Heuvelland Culinair fungiert als Vermittler und sorgt f\u00fcr die Kommunikation zwischen den G\u00e4sten und den Restaurants bzw. Gastronomen. Die endg\u00fcltige Dienstleistung liegt in der Verantwortung der jeweiligen Parteien.<\/p>\n<p><strong>Reservierungen<\/strong><br \/>Maastricht Heuvelland Culinair best\u00e4tigt den Eingang der Reservierungen. Der weitere Kontakt und die Bearbeitung der Reservierungen erfolgt direkt zwischen den G\u00e4sten und den jeweiligen Restaurants und Gastronomen.<\/p>\n<p><strong>Zahlungsbedingungen<\/strong><br \/>Die Zahlungen sollten direkt \u00fcber unseren Webshop erfolgen. Alle Preise enthalten die Mehrwertsteuer. Maastricht Heuvelland Culinair ist f\u00fcr die Zahlungsabwicklung verantwortlich.<\/p>\n<p><strong>Annullierungen und \u00c4nderungen<\/strong><br \/>Stornierungen und \u00c4nderungen von Reservierungen erfolgen immer \u00fcber Maastricht Heuvelland Culinair und m\u00fcssen per E-Mail mitgeteilt werden.\u00a0<\/p>\n<p><strong>Zust\u00e4ndigkeiten<\/strong><br \/>Die G\u00e4ste sind f\u00fcr ihre eigene Sicherheit und ihr Eigentum w\u00e4hrend ihres Aufenthalts und ihrer Aktivit\u00e4ten verantwortlich. Maastricht Heuvelland Culinair haftet nicht f\u00fcr Sch\u00e4den, Verluste oder Verletzungen, die sich aus den Dienstleistungen der Restaurants oder Tastemaker ergeben.<\/p>\n<p><strong>Beanstandungen<\/strong><br \/>Beschwerden \u00fcber Dienstleistungen sind direkt an die betreffenden Restaurants oder Geschmacksbildner zu richten. Maastricht Heuvelland Culinair wird bei Bedarf vermitteln, ist aber nicht verpflichtet, eine L\u00f6sung zu finden.<\/p>\n<p><strong>Datenschutzbestimmungen<\/strong><br \/>Personenbezogene Daten werden gem\u00e4\u00df der auf der Website verf\u00fcgbaren Datenschutzerkl\u00e4rung vertraulich behandelt. Die Daten werden nur an die betreffenden Restaurants und Geschmacksbildner weitergegeben, um Reservierungen zu bearbeiten.<\/p>\n<p><strong>Anwendbares Recht<\/strong><br \/>Alle Vereinbarungen unterliegen dem niederl\u00e4ndischen Recht. Alle Streitigkeiten werden dem zust\u00e4ndigen Gericht in Maastricht vorgelegt.<\/p>\n<p>Weitere Informationen erhalten Sie unter info@maastrichtheuvelland.com.<\/p>\n<\/header>\n<p><\/p>\t\t\t\t\t\t\t\t<\/div>\n\t\t\t\t<\/div>\n\t\t\t\t<\/div>\n\t\t\t\t\t<\/div>\n\t\t\t\t<\/div>\n\t\t\t\t<\/div>","protected":false},"excerpt":{"rendered":"<p>Algemene voorwaarden ToepasselijkheidDe algemene voorwaarden van de deelnemende restaurants en smaakmakers zijn van toepassing op alle reserveringen en diensten. Maastricht Heuvelland Culinair bemiddelt alleen en heeft geen verantwoordelijkheid voor de uitvoering van de diensten door deze partijen. BemiddelingMaastricht Heuvelland Culinair fungeert als tussenpersoon en zorgt voor de communicatie tussen gasten en de restaurants of smaakmakers. [&hellip;]<\/p>\n","protected":false},"author":1,"featured_media":0,"parent":0,"menu_order":0,"comment_status":"closed","ping_status":"closed","template":"elementor_header_footer","meta":{"footnotes":""},"class_list":["post-3735","page","type-page","status-publish","hentry"],"_links":{"self":[{"href":"https:\/\/maastrichtheuvelland.com\/de\/wp-json\/wp\/v2\/pages\/3735","targetHints":{"allow":["GET"]}}],"collection":[{"href":"https:\/\/maastrichtheuvelland.com\/de\/wp-json\/wp\/v2\/pages"}],"about":[{"href":"https:\/\/maastrichtheuvelland.com\/de\/wp-json\/wp\/v2\/types\/page"}],"author":[{"embeddable":true,"href":"https:\/\/maastrichtheuvelland.com\/de\/wp-json\/wp\/v2\/users\/1"}],"replies":[{"embeddable":true,"href":"https:\/\/maastrichtheuvelland.com\/de\/wp-json\/wp\/v2\/comments?post=3735"}],"version-history":[{"count":5,"href":"https:\/\/maastrichtheuvelland.com\/de\/wp-json\/wp\/v2\/pages\/3735\/revisions"}],"predecessor-version":[{"id":3753,"href":"https:\/\/maastrichtheuvelland.com\/de\/wp-json\/wp\/v2\/pages\/3735\/revisions\/3753"}],"wp:attachment":[{"href":"https:\/\/maastrichtheuvelland.com\/de\/wp-json\/wp\/v2\/media?parent=3735"}],"curies":[{"name":"wp","href":"https:\/\/api.w.org\/{rel}","templated":true}]}}