{"id":942,"date":"2023-05-25T10:22:46","date_gmt":"2023-05-25T08:22:46","guid":{"rendered":"https:\/\/maastrichtheuvelland.com\/?page_id=942"},"modified":"2023-06-29T18:49:21","modified_gmt":"2023-06-29T16:49:21","slug":"uber-uns","status":"publish","type":"page","link":"https:\/\/maastrichtheuvelland.com\/de\/over-ons\/","title":{"rendered":"\u00dcber uns"},"content":{"rendered":"<div data-elementor-type=\"wp-page\" data-elementor-id=\"942\" class=\"elementor elementor-942\" data-elementor-post-type=\"page\">\n\t\t\t\t<div class=\"elementor-element elementor-element-960701e e-flex e-con-boxed elementor-invisible e-con e-parent\" data-id=\"960701e\" data-element_type=\"container\" data-e-type=\"container\" data-settings=\"{&quot;background_background&quot;:&quot;classic&quot;,&quot;animation&quot;:&quot;fadeIn&quot;,&quot;jet_parallax_layout_list&quot;:[]}\">\n\t\t\t\t\t<div class=\"e-con-inner\">\n\t\t\t\t<div class=\"elementor-element elementor-element-1724f68 elementor-widget-mobile__width-inherit elementor-invisible elementor-widget elementor-widget-heading\" data-id=\"1724f68\" data-element_type=\"widget\" data-e-type=\"widget\" data-settings=\"{&quot;_animation&quot;:&quot;fadeInUp&quot;}\" data-widget_type=\"heading.default\">\n\t\t\t\t<div class=\"elementor-widget-container\">\n\t\t\t\t\t<h1 class=\"elementor-heading-title elementor-size-default\">\u00dcber uns<\/h1>\t\t\t\t<\/div>\n\t\t\t\t<\/div>\n\t\t\t\t\t<\/div>\n\t\t\t\t<\/div>\n\t\t<div class=\"elementor-element elementor-element-64c8585 e-flex e-con-boxed e-con e-parent\" data-id=\"64c8585\" data-element_type=\"container\" data-e-type=\"container\" data-settings=\"{&quot;jet_parallax_layout_list&quot;:[]}\">\n\t\t\t\t\t<div class=\"e-con-inner\">\n\t\t<div class=\"elementor-element elementor-element-fb80708 e-con-full e-flex e-con e-parent\" data-id=\"fb80708\" data-element_type=\"container\" data-e-type=\"container\" data-settings=\"{&quot;jet_parallax_layout_list&quot;:[]}\">\n\t\t\t\t<div class=\"elementor-element elementor-element-e5f97ef elementor-invisible elementor-widget elementor-widget-heading\" data-id=\"e5f97ef\" data-element_type=\"widget\" data-e-type=\"widget\" data-settings=\"{&quot;_animation&quot;:&quot;fadeInUp&quot;}\" data-widget_type=\"heading.default\">\n\t\t\t\t<div class=\"elementor-widget-container\">\n\t\t\t\t\t<h2 class=\"elementor-heading-title elementor-size-default\">Maastricht Heuvelland Kulinarisch:<\/h2>\t\t\t\t<\/div>\n\t\t\t\t<\/div>\n\t\t\t\t<div class=\"elementor-element elementor-element-159f961 elementor-invisible elementor-widget elementor-widget-text-editor\" data-id=\"159f961\" data-element_type=\"widget\" data-e-type=\"widget\" data-settings=\"{&quot;_animation&quot;:&quot;fadeInUp&quot;}\" data-widget_type=\"text-editor.default\">\n\t\t\t\t<div class=\"elementor-widget-container\">\n\t\t\t\t\t\t\t\t\t<p>Wenn man Maastricht oder Heuvelland sagt, denkt man an das gute Leben. An leckeres Essen und einen gastfreundlichen Empfang. Sind Sie auf der Suche nach einem besseren Restaurant, in dem Sie an einem der sch\u00f6nsten Orte essen und trinken k\u00f6nnen? Dann sind Sie bei Maastricht Heuvelland Culinair an der richtigen Adresse. Die angeschlossenen Gastronomen und Geschmacksmacher haben den Ehrgeiz, dem Titel einer international anerkannten gastronomischen Spitzenregion jeden Tag gerecht zu werden. Sie tun dies, indem sie immer wieder mit kulinarischen Leistungen \u00fcberraschen. Indem sie die Sinne mit geschmacklichen Innovationen, saisonalen Gerichten und regionalen Produkten anregen. Diese Gastronomen und Meisterk\u00f6che legen gro\u00dfen Wert auf Gastfreundschaft. Viele von ihnen befinden sich an einzigartigen Standorten - im Stadtzentrum, aber auch an sch\u00f6nen Pl\u00e4tzen im sch\u00f6nen Heuvelland. Alle bieten ein besonderes Ambiente. Gemeinsam gehen\/stehen wir f\u00fcr 'Erlebnisgastronomie'.<\/p><p>Maastricht Heuvelland Culinary hat drei Hauptziele: Die Entwicklung von Maastricht-Heuvelland zu einer international anerkannten gastronomischen Spitzenregion, die Aktivierung der Zusammenarbeit zwischen den Mitgliedsrestaurants und handwerklichen Anbietern und anderen regionalen Akteuren sowie die F\u00f6rderung und Unterst\u00fctzung neuer Initiativen bei der Entwicklung feiner regionaler Produkte.<\/p>\t\t\t\t\t\t\t\t<\/div>\n\t\t\t\t<\/div>\n\t\t\t\t<\/div>\n\t\t<div class=\"elementor-element elementor-element-07c8d9e e-con-full e-flex e-con e-parent\" data-id=\"07c8d9e\" data-element_type=\"container\" data-e-type=\"container\" data-settings=\"{&quot;jet_parallax_layout_list&quot;:[]}\">\n\t\t\t\t<div class=\"elementor-element elementor-element-90eff70 img-ratio-3-4 elementor-invisible elementor-widget elementor-widget-image\" data-id=\"90eff70\" data-element_type=\"widget\" data-e-type=\"widget\" data-settings=\"{&quot;_animation&quot;:&quot;fadeInUp&quot;}\" data-widget_type=\"image.default\">\n\t\t\t\t<div class=\"elementor-widget-container\">\n\t\t\t\t\t\t\t\t\t\t\t\t\t\t\t<img fetchpriority=\"high\" decoding=\"async\" width=\"1920\" height=\"1080\" src=\"https:\/\/maastrichtheuvelland.com\/wp-content\/uploads\/2023\/01\/Maastricht-Culinair-Kort.00_00_08_15.Still001.jpg\" class=\"attachment-full size-full wp-image-299\" alt=\"\" srcset=\"https:\/\/maastrichtheuvelland.com\/wp-content\/uploads\/2023\/01\/Maastricht-Culinair-Kort.00_00_08_15.Still001.jpg 1920w, https:\/\/maastrichtheuvelland.com\/wp-content\/uploads\/2023\/01\/Maastricht-Culinair-Kort.00_00_08_15.Still001-800x450.jpg 800w, https:\/\/maastrichtheuvelland.com\/wp-content\/uploads\/2023\/01\/Maastricht-Culinair-Kort.00_00_08_15.Still001-450x253.jpg 450w, https:\/\/maastrichtheuvelland.com\/wp-content\/uploads\/2023\/01\/Maastricht-Culinair-Kort.00_00_08_15.Still001-300x169.jpg 300w, https:\/\/maastrichtheuvelland.com\/wp-content\/uploads\/2023\/01\/Maastricht-Culinair-Kort.00_00_08_15.Still001-1024x576.jpg 1024w, https:\/\/maastrichtheuvelland.com\/wp-content\/uploads\/2023\/01\/Maastricht-Culinair-Kort.00_00_08_15.Still001-768x432.jpg 768w, https:\/\/maastrichtheuvelland.com\/wp-content\/uploads\/2023\/01\/Maastricht-Culinair-Kort.00_00_08_15.Still001-1536x864.jpg 1536w\" sizes=\"(max-width: 1920px) 100vw, 1920px\" \/>\t\t\t\t\t\t\t\t\t\t\t\t\t\t\t<\/div>\n\t\t\t\t<\/div>\n\t\t\t\t<\/div>\n\t\t\t\t\t<\/div>\n\t\t\t\t<\/div>\n\t\t<div class=\"elementor-element elementor-element-ceedf99 e-flex e-con-boxed e-con e-parent\" data-id=\"ceedf99\" data-element_type=\"container\" data-e-type=\"container\" data-settings=\"{&quot;background_background&quot;:&quot;classic&quot;,&quot;jet_parallax_layout_list&quot;:[]}\">\n\t\t\t\t\t<div class=\"e-con-inner\">\n\t\t<div class=\"elementor-element elementor-element-811786b e-con-full e-flex e-con e-parent\" data-id=\"811786b\" data-element_type=\"container\" data-e-type=\"container\" data-settings=\"{&quot;jet_parallax_layout_list&quot;:[]}\">\n\t\t\t\t<div class=\"elementor-element elementor-element-efde83c elementor-widget elementor-widget-image\" data-id=\"efde83c\" data-element_type=\"widget\" data-e-type=\"widget\" data-widget_type=\"image.default\">\n\t\t\t\t<div class=\"elementor-widget-container\">\n\t\t\t\t\t\t\t\t\t\t\t\t\t\t\t<img decoding=\"async\" width=\"1545\" height=\"1012\" src=\"https:\/\/maastrichtheuvelland.com\/wp-content\/uploads\/2023\/06\/mhc-bestuur.jpg\" class=\"attachment-full size-full wp-image-1299\" alt=\"\" srcset=\"https:\/\/maastrichtheuvelland.com\/wp-content\/uploads\/2023\/06\/mhc-bestuur.jpg 1545w, https:\/\/maastrichtheuvelland.com\/wp-content\/uploads\/2023\/06\/mhc-bestuur-450x295.jpg 450w, https:\/\/maastrichtheuvelland.com\/wp-content\/uploads\/2023\/06\/mhc-bestuur-300x197.jpg 300w, https:\/\/maastrichtheuvelland.com\/wp-content\/uploads\/2023\/06\/mhc-bestuur-1024x671.jpg 1024w, https:\/\/maastrichtheuvelland.com\/wp-content\/uploads\/2023\/06\/mhc-bestuur-768x503.jpg 768w, https:\/\/maastrichtheuvelland.com\/wp-content\/uploads\/2023\/06\/mhc-bestuur-1536x1006.jpg 1536w\" sizes=\"(max-width: 1545px) 100vw, 1545px\" \/>\t\t\t\t\t\t\t\t\t\t\t\t\t\t\t<\/div>\n\t\t\t\t<\/div>\n\t\t\t\t<\/div>\n\t\t<div class=\"elementor-element elementor-element-5caa7aa e-con-full e-flex e-con e-parent\" data-id=\"5caa7aa\" data-element_type=\"container\" data-e-type=\"container\" data-settings=\"{&quot;jet_parallax_layout_list&quot;:[]}\">\n\t\t\t\t<div class=\"elementor-element elementor-element-36699dc elementor-invisible elementor-widget elementor-widget-text-editor\" data-id=\"36699dc\" data-element_type=\"widget\" data-e-type=\"widget\" data-settings=\"{&quot;_animation&quot;:&quot;fadeInUp&quot;}\" data-widget_type=\"text-editor.default\">\n\t\t\t\t<div class=\"elementor-widget-container\">\n\t\t\t\t\t\t\t\t\t<p><strong>Vorstand<br \/><\/strong>Die Maastricht Heuvelland Culinary Foundation wird geleitet von (von links nach rechts):<\/p><p>Albert Berghof, Schatzmeister<br \/>Ad Veenhof, Vorsitzender<br \/>Edwin Heusschen<br \/>Rodny Welters<br \/>Gusta Lepage<br \/>Joyce Gulikers, Sekret\u00e4rin<br \/><br \/><\/p><p>Der Vorstand wird von Peter Gomolka (Finanzen) unterst\u00fctzt.<\/p>\t\t\t\t\t\t\t\t<\/div>\n\t\t\t\t<\/div>\n\t\t\t\t<\/div>\n\t\t\t\t\t<\/div>\n\t\t\t\t<\/div>\n\t\t<div class=\"elementor-element elementor-element-a721d8a e-flex e-con-boxed e-con e-parent\" data-id=\"a721d8a\" data-element_type=\"container\" data-e-type=\"container\" data-settings=\"{&quot;jet_parallax_layout_list&quot;:[]}\">\n\t\t\t\t\t<div class=\"e-con-inner\">\n\t\t<div class=\"elementor-element elementor-element-57dce3e e-con-full e-flex e-con e-parent\" data-id=\"57dce3e\" data-element_type=\"container\" data-e-type=\"container\" data-settings=\"{&quot;jet_parallax_layout_list&quot;:[]}\">\n\t\t\t\t<div class=\"elementor-element elementor-element-297db96 elementor-invisible elementor-widget elementor-widget-image\" data-id=\"297db96\" data-element_type=\"widget\" data-e-type=\"widget\" data-settings=\"{&quot;_animation&quot;:&quot;fadeInUp&quot;}\" data-widget_type=\"image.default\">\n\t\t\t\t<div class=\"elementor-widget-container\">\n\t\t\t\t\t\t\t\t\t\t\t\t\t\t\t<img decoding=\"async\" width=\"1000\" height=\"1000\" src=\"https:\/\/maastrichtheuvelland.com\/wp-content\/uploads\/2023\/01\/shutterstock_783385228.jpg\" class=\"attachment-full size-full wp-image-249\" alt=\"\" srcset=\"https:\/\/maastrichtheuvelland.com\/wp-content\/uploads\/2023\/01\/shutterstock_783385228.jpg 1000w, https:\/\/maastrichtheuvelland.com\/wp-content\/uploads\/2023\/01\/shutterstock_783385228-100x100.jpg 100w, https:\/\/maastrichtheuvelland.com\/wp-content\/uploads\/2023\/01\/shutterstock_783385228-450x450.jpg 450w, https:\/\/maastrichtheuvelland.com\/wp-content\/uploads\/2023\/01\/shutterstock_783385228-300x300.jpg 300w, https:\/\/maastrichtheuvelland.com\/wp-content\/uploads\/2023\/01\/shutterstock_783385228-150x150.jpg 150w, https:\/\/maastrichtheuvelland.com\/wp-content\/uploads\/2023\/01\/shutterstock_783385228-768x768.jpg 768w\" sizes=\"(max-width: 1000px) 100vw, 1000px\" \/>\t\t\t\t\t\t\t\t\t\t\t\t\t\t\t<\/div>\n\t\t\t\t<\/div>\n\t\t\t\t<\/div>\n\t\t<div class=\"elementor-element elementor-element-82640fd e-con-full e-flex e-con e-parent\" data-id=\"82640fd\" data-element_type=\"container\" data-e-type=\"container\" data-settings=\"{&quot;jet_parallax_layout_list&quot;:[]}\">\n\t\t\t\t<div class=\"elementor-element elementor-element-6a58849 elementor-invisible elementor-widget elementor-widget-heading\" data-id=\"6a58849\" data-element_type=\"widget\" data-e-type=\"widget\" data-settings=\"{&quot;_animation&quot;:&quot;fadeInUp&quot;}\" data-widget_type=\"heading.default\">\n\t\t\t\t<div class=\"elementor-widget-container\">\n\t\t\t\t\t<h2 class=\"elementor-heading-title elementor-size-default\">Mitglied werden?<\/h2>\t\t\t\t<\/div>\n\t\t\t\t<\/div>\n\t\t\t\t<div class=\"elementor-element elementor-element-cd32f24 elementor-invisible elementor-widget elementor-widget-text-editor\" data-id=\"cd32f24\" data-element_type=\"widget\" data-e-type=\"widget\" data-settings=\"{&quot;_animation&quot;:&quot;fadeInUp&quot;}\" data-widget_type=\"text-editor.default\">\n\t\t\t\t<div class=\"elementor-widget-container\">\n\t\t\t\t\t\t\t\t\t<p>Sind Sie ein Gastronom oder Geschmacksmacher mit bew\u00e4hrten Qualit\u00e4ten, die den Club bereichern w\u00fcrden? Dann w\u00fcrden wir uns gerne mit Ihnen in Verbindung setzen, um die M\u00f6glichkeiten zu besprechen. An der Pforte sind wir w\u00e4hlerisch, aber wenn Sie erst einmal im Club sind, erwarten Sie ein herzlicher Empfang, interessante Kontakte, Inspiration, PR und Marketing! Nehmen Sie <a href=\"https:\/\/maastrichtheuvelland.com\/de\/kontakt\/\">Kontakt<\/a> bei uns Informationen zur Mitgliedschaft.<\/p>\t\t\t\t\t\t\t\t<\/div>\n\t\t\t\t<\/div>\n\t\t\t\t<\/div>\n\t\t\t\t\t<\/div>\n\t\t\t\t<\/div>\n\t\t\t\t<\/div>","protected":false},"excerpt":{"rendered":"<p>Over ons Maastricht Heuvelland Culinair: Zegt u Maastricht of Heuvelland, dan denkt u aan het goede leven. Aan heerlijk eten en een gastvrij onthaal. Bent u op zoek naar het betere restaurant voor fine wining en dining op de mooiste locaties? Dan bent u bij Maastricht Heuvelland Culinair aan het juiste adres. De aangesloten restaurateurs [&hellip;]<\/p>\n","protected":false},"author":1,"featured_media":0,"parent":0,"menu_order":0,"comment_status":"closed","ping_status":"closed","template":"elementor_header_footer","meta":{"footnotes":""},"class_list":["post-942","page","type-page","status-publish","hentry"],"_links":{"self":[{"href":"https:\/\/maastrichtheuvelland.com\/de\/wp-json\/wp\/v2\/pages\/942","targetHints":{"allow":["GET"]}}],"collection":[{"href":"https:\/\/maastrichtheuvelland.com\/de\/wp-json\/wp\/v2\/pages"}],"about":[{"href":"https:\/\/maastrichtheuvelland.com\/de\/wp-json\/wp\/v2\/types\/page"}],"author":[{"embeddable":true,"href":"https:\/\/maastrichtheuvelland.com\/de\/wp-json\/wp\/v2\/users\/1"}],"replies":[{"embeddable":true,"href":"https:\/\/maastrichtheuvelland.com\/de\/wp-json\/wp\/v2\/comments?post=942"}],"version-history":[{"count":5,"href":"https:\/\/maastrichtheuvelland.com\/de\/wp-json\/wp\/v2\/pages\/942\/revisions"}],"predecessor-version":[{"id":1305,"href":"https:\/\/maastrichtheuvelland.com\/de\/wp-json\/wp\/v2\/pages\/942\/revisions\/1305"}],"wp:attachment":[{"href":"https:\/\/maastrichtheuvelland.com\/de\/wp-json\/wp\/v2\/media?parent=942"}],"curies":[{"name":"wp","href":"https:\/\/api.w.org\/{rel}","templated":true}]}}