{"id":3,"date":"2022-02-16T12:34:04","date_gmt":"2022-02-16T11:34:04","guid":{"rendered":"https:\/\/elementor.043basis.nl\/?page_id=3"},"modified":"2023-05-25T14:06:10","modified_gmt":"2023-05-25T12:06:10","slug":"declaration-de-confidentialite","status":"publish","type":"page","link":"https:\/\/maastrichtheuvelland.com\/fr\/privacyverklaring\/","title":{"rendered":"D\u00e9claration de confidentialit\u00e9"},"content":{"rendered":"<div data-elementor-type=\"wp-page\" data-elementor-id=\"3\" class=\"elementor elementor-3\" data-elementor-post-type=\"page\">\n\t\t\t\t<div class=\"elementor-element elementor-element-c05354d e-flex e-con-boxed elementor-invisible e-con e-parent\" data-id=\"c05354d\" data-element_type=\"container\" data-e-type=\"container\" data-settings=\"{&quot;background_background&quot;:&quot;classic&quot;,&quot;animation&quot;:&quot;fadeIn&quot;,&quot;jet_parallax_layout_list&quot;:[]}\">\n\t\t\t\t\t<div class=\"e-con-inner\">\n\t\t\t\t<div class=\"elementor-element elementor-element-444db82 elementor-widget-mobile__width-inherit elementor-invisible elementor-widget elementor-widget-heading\" data-id=\"444db82\" data-element_type=\"widget\" data-e-type=\"widget\" data-settings=\"{&quot;_animation&quot;:&quot;fadeInUp&quot;}\" data-widget_type=\"heading.default\">\n\t\t\t\t<div class=\"elementor-widget-container\">\n\t\t\t\t\t<h1 class=\"elementor-heading-title elementor-size-default\">D\u00e9claration de confidentialit\u00e9<\/h1>\t\t\t\t<\/div>\n\t\t\t\t<\/div>\n\t\t\t\t\t<\/div>\n\t\t\t\t<\/div>\n\t\t<div class=\"elementor-element elementor-element-a1eee65 e-flex e-con-boxed e-con e-parent\" data-id=\"a1eee65\" data-element_type=\"container\" data-e-type=\"container\" data-settings=\"{&quot;jet_parallax_layout_list&quot;:[]}\">\n\t\t\t\t\t<div class=\"e-con-inner\">\n\t\t<div class=\"elementor-element elementor-element-843f8cb e-con-full e-flex e-con e-parent\" data-id=\"843f8cb\" data-element_type=\"container\" data-e-type=\"container\" data-settings=\"{&quot;jet_parallax_layout_list&quot;:[]}\">\n\t\t\t\t<div class=\"elementor-element elementor-element-df1069f elementor-widget elementor-widget-heading\" data-id=\"df1069f\" data-element_type=\"widget\" data-e-type=\"widget\" data-widget_type=\"heading.default\">\n\t\t\t\t<div class=\"elementor-widget-container\">\n\t\t\t\t\t<h2 class=\"elementor-heading-title elementor-size-default\">D\u00e9claration de confidentialit\u00e9 Maastricht Culinair<\/h2>\t\t\t\t<\/div>\n\t\t\t\t<\/div>\n\t\t\t\t<div class=\"elementor-element elementor-element-3f7de8c elementor-widget elementor-widget-text-editor\" data-id=\"3f7de8c\" data-element_type=\"widget\" data-e-type=\"widget\" data-widget_type=\"text-editor.default\">\n\t\t\t\t<div class=\"elementor-widget-container\">\n\t\t\t\t\t\t\t\t\t<header class=\"header\">\n<p>D\u00e9claration de confidentialit\u00e9 Maastricht Heuvelland Culinair<br \/>Maastricht Heuvelland Culinair accorde de l'importance \u00e0 votre vie priv\u00e9e. C'est pourquoi nous traiterons et utiliserons vos donn\u00e9es de mani\u00e8re s\u00e9curis\u00e9e, en totale conformit\u00e9 avec le r\u00e8glement g\u00e9n\u00e9ral sur la protection des donn\u00e9es. Dans cette d\u00e9claration de confidentialit\u00e9, nous expliquons quelles donn\u00e9es nous collectons aupr\u00e8s de vous et pourquoi nous le faisons. Vous pouvez \u00e9galement prendre connaissance de vos droits en ce qui concerne ce traitement. Pour toute question relative \u00e0 la protection de votre vie priv\u00e9e, veuillez contacter <a href=\"mailto:secretariaat@maastrichtheuvellandculinair.com\">secretariaat@maastrichtheuvellandculinair.com<\/a>.<\/p>\n<p><strong>Article 1 Qui sommes-nous ?<\/strong><br \/>Maastricht Heuvelland Culinair est une fondation bas\u00e9e \u00e0 (6212 EC) Maastricht au Sebastianenweg 41. Nous sommes inscrits au registre du commerce de la Chambre de Commerce sous le num\u00e9ro 41077432. Nous sommes le responsable du traitement de vos donn\u00e9es personnelles.<\/p>\n<p><strong>Article 2 Quelles donn\u00e9es utilisons-nous ?<\/strong><br \/>Vous trouverez ici un aper\u00e7u des donn\u00e9es que nous traitons, des raisons pour lesquelles nous le faisons, de la base juridique sur laquelle nous nous appuyons pour \u00eatre autoris\u00e9s \u00e0 traiter ces donn\u00e9es et de la dur\u00e9e pendant laquelle nous les conserverons.<\/p>\n<p>Nous traitons votre nom, votre adresse \u00e9lectronique, votre adresse, votre num\u00e9ro de t\u00e9l\u00e9phone et d'autres donn\u00e9es n\u00e9cessaires pour vous fournir nos services de la meilleure fa\u00e7on possible afin de permettre l'ex\u00e9cution du contrat. Nous utilisons ces donn\u00e9es pour faire de vous un client satisfait. Nous conservons ces donn\u00e9es aussi longtemps que le site web est en ligne.<\/p>\n<p>Nous n'utilisons votre nom et votre adresse \u00e9lectronique pour l'envoi de la lettre d'information qu'avec votre consentement explicite et nous ne les conservons pas plus longtemps que vous n'\u00eates abonn\u00e9 \u00e0 notre lettre d'information.<\/p>\n<p>Pour g\u00e9rer les commandes de la boutique en ligne, nous traitons votre nom, votre adresse de livraison, votre adresse de facturation, votre adresse \u00e9lectronique, vos coordonn\u00e9es t\u00e9l\u00e9phoniques et votre mode de paiement. Sans ces donn\u00e9es, nous ne pouvons pas vous livrer nos produits. Nous traitons donc ces donn\u00e9es dans le cadre de l'ex\u00e9cution de notre contrat.<\/p>\n<p>Pour la facturation et nos dossiers financiers, nous traitons votre nom, le nom de votre soci\u00e9t\u00e9, l'adresse de facturation, le num\u00e9ro de la chambre de commerce, le num\u00e9ro de TVA, l'adresse \u00e9lectronique, les coordonn\u00e9es bancaires et le solde restant \u00e0 payer. Sans ces donn\u00e9es, nous ne pouvons pas traiter votre paiement. Nous avons donc besoin de ces donn\u00e9es pour l'ex\u00e9cution du contrat. Conform\u00e9ment \u00e0 l'obligation l\u00e9gale du bureau des imp\u00f4ts, nous supprimerons ces donn\u00e9es au bout de sept ans.<\/p>\n<p>Dans le cas improbable o\u00f9 vous auriez une r\u00e9clamation concernant notre service, nous traiterons votre nom, votre adresse \u00e9lectronique et le contenu de cette r\u00e9clamation afin de trouver la meilleure solution possible pour vous. Nous utiliserons ces donn\u00e9es pour la meilleure ex\u00e9cution possible de l'accord. Nous supprimerons les donn\u00e9es relatives aux r\u00e9clamations une fois que celles-ci auront \u00e9t\u00e9 trait\u00e9es.<\/p>\n<p>Pour permettre et optimiser ce site web, nous utilisons des services d'analyse. Vous avez donn\u00e9 votre accord sans \u00e9quivoque pour que nous utilisions votre comportement de navigation et les donn\u00e9es connexes afin d'analyser et, le cas \u00e9ch\u00e9ant, d'am\u00e9liorer notre service. Nous suivrons votre utilisation de notre site web \u00e0 l'aide de Google Analytics et sommes li\u00e9s par les p\u00e9riodes de r\u00e9tention de Google.<\/p>\n<p>Pour permettre la publication de commentaires sur nos articles ou de critiques de nos services, nous traitons votre nom, votre adresse \u00e9lectronique et le contenu de votre message. Lorsque vous publiez votre message, ces donn\u00e9es deviennent automatiquement visibles. Nous conservons ces donn\u00e9es jusqu'\u00e0 ce que vous supprimiez votre commentaire ou que nous supprimions notre message.<\/p>\n<p><strong>Article 3 Comment obtenons-nous ces donn\u00e9es ?<\/strong><br \/>Nous avons obtenu les donn\u00e9es ci-dessus de vous en tant que client parce que vous nous les avez fournies.<\/p>\n<p><strong>Article 4 Quels sont vos droits concernant ces donn\u00e9es ?<\/strong><br \/>Le r\u00e8glement g\u00e9n\u00e9ral sur la protection des donn\u00e9es vous conf\u00e8re un certain nombre de droits concernant les donn\u00e9es personnelles que vous nous avez autoris\u00e9s \u00e0 traiter.<\/p>\n<p>Inspection - Vous pouvez demander \u00e0 consulter vos donn\u00e9es \u00e0 tout moment.<\/p>\n<p>Modification - Si vous souhaitez que vos donn\u00e9es soient modifi\u00e9es, corrig\u00e9es, compl\u00e9t\u00e9es, bloqu\u00e9es ou supprim\u00e9es, vous pouvez en faire la demande. Vous pouvez \u00e9galement modifier vous-m\u00eame certaines donn\u00e9es dans votre compte de commande personnel de notre boutique en ligne.<\/p>\n<p>Objection - Vous pouvez vous opposer au traitement de vos donn\u00e9es sur la base juridique de l'int\u00e9r\u00eat l\u00e9gitime de Maastricht Culinair.<\/p>\n<p>Transfert de donn\u00e9es - Si vous souhaitez transf\u00e9rer vos donn\u00e9es \u00e0 un autre fournisseur, nous vous fournirons vos donn\u00e9es sous une forme structur\u00e9e et commune \u00e0 laquelle il est possible d'acc\u00e9der par des syst\u00e8mes num\u00e9riques courants.<\/p>\n<p>Retrait - Lorsque nous avons trait\u00e9 des donn\u00e9es sur la base de votre consentement explicite, vous avez le droit de retirer ce consentement. Cela peut avoir une incidence sur les services que nous sommes en mesure de vous fournir.<\/p>\n<p>Pour exercer vos droits, veuillez adresser une demande \u00e0 <a href=\"mailto:secretariaat@maastrichtheuvellandculinair.com\">secretariaat@maastrichtheuvellandculinair.com<\/a>. Nous examinerons votre demande dans les plus brefs d\u00e9lais. Si nous ne pouvons pas donner suite \u00e0 votre demande, nous vous ferons savoir pourquoi nous la rejetons.<\/p>\n<p><strong>Article 5 Qui recevra vos donn\u00e9es ?<\/strong><br \/>Maastricht Culinair ne communiquera pas vos donn\u00e9es \u00e0 des tiers, \u00e0 moins que cela ne soit n\u00e9cessaire \u00e0 la conduite de nos activit\u00e9s ou exig\u00e9 par la loi. Vos donn\u00e9es peuvent \u00eatre transmises \u00e0 des sous-traitants et \u00e0 des parties impliqu\u00e9es dans l'ex\u00e9cution de notre accord. Nous ne revendrons pas vos donn\u00e9es \u00e0 des tiers.<\/p>\n<p><strong>Article 6 Cookies<\/strong><br \/>Les cookies sont de petits \u00e9l\u00e9ments d'information qui sont envoy\u00e9s \u00e0 votre navigateur lorsque vous visitez notre site web et qui sont ensuite stock\u00e9s sur le disque dur ou dans la m\u00e9moire de l'appareil que vous utilisez pour visiter notre site web. Ces cookies n'endommagent pas vos appareils.<\/p>\n<p><strong>Article 7 Dispositions finales<\/strong><br \/>Nous vous encourageons \u00e0 consulter r\u00e9guli\u00e8rement la pr\u00e9sente d\u00e9claration de confidentialit\u00e9, car nous sommes susceptibles d'apporter des modifications \u00e0 notre politique. Si vous avez des questions sur cette d\u00e9claration ou sur la mani\u00e8re dont nous utilisons vos donn\u00e9es, veuillez envoyer un courrier \u00e9lectronique \u00e0 l'adresse suivante <a href=\"mailto:secretariaat@maastrichtheuvellandculinair.com\">secretariaat@maastrichtheuvellandculinair.com<\/a>. Si vous avez une plainte \u00e0 formuler concernant la mani\u00e8re dont nous traitons vos donn\u00e9es, vous pouvez \u00e9galement nous en faire part. En outre, vous pouvez contacter l'Autorit\u00e9 des donn\u00e9es personnelles.<\/p>\n<\/header>\t\t\t\t\t\t\t\t<\/div>\n\t\t\t\t<\/div>\n\t\t\t\t<\/div>\n\t\t\t\t\t<\/div>\n\t\t\t\t<\/div>\n\t\t\t\t<\/div>","protected":false},"excerpt":{"rendered":"<p>Privacyverklaring Privacyverklaring Maastricht Culinair Privacyverklaring Maastricht Heuvelland CulinairMaastricht Heuvelland Culinair vindt uw privacy erg belangrijk. Wij zullen uw gegevens dan ook op een veilige manier verwerken en gebruiken, geheel volgens de Algemene Verordening Gegevensbescherming. In deze privacyverklaring leggen we uit welke gegevens wij van u verzamelen en waarom we dit doen. Ook kunt u lezen [&hellip;]<\/p>\n","protected":false},"author":1,"featured_media":0,"parent":0,"menu_order":0,"comment_status":"closed","ping_status":"closed","template":"elementor_header_footer","meta":{"footnotes":""},"class_list":["post-3","page","type-page","status-publish","hentry"],"_links":{"self":[{"href":"https:\/\/maastrichtheuvelland.com\/fr\/wp-json\/wp\/v2\/pages\/3","targetHints":{"allow":["GET"]}}],"collection":[{"href":"https:\/\/maastrichtheuvelland.com\/fr\/wp-json\/wp\/v2\/pages"}],"about":[{"href":"https:\/\/maastrichtheuvelland.com\/fr\/wp-json\/wp\/v2\/types\/page"}],"author":[{"embeddable":true,"href":"https:\/\/maastrichtheuvelland.com\/fr\/wp-json\/wp\/v2\/users\/1"}],"replies":[{"embeddable":true,"href":"https:\/\/maastrichtheuvelland.com\/fr\/wp-json\/wp\/v2\/comments?post=3"}],"version-history":[{"count":5,"href":"https:\/\/maastrichtheuvelland.com\/fr\/wp-json\/wp\/v2\/pages\/3\/revisions"}],"predecessor-version":[{"id":994,"href":"https:\/\/maastrichtheuvelland.com\/fr\/wp-json\/wp\/v2\/pages\/3\/revisions\/994"}],"wp:attachment":[{"href":"https:\/\/maastrichtheuvelland.com\/fr\/wp-json\/wp\/v2\/media?parent=3"}],"curies":[{"name":"wp","href":"https:\/\/api.w.org\/{rel}","templated":true}]}}