{"id":3735,"date":"2024-08-21T11:04:46","date_gmt":"2024-08-21T09:04:46","guid":{"rendered":"https:\/\/maastrichtheuvelland.com\/?page_id=3735"},"modified":"2024-08-21T11:28:01","modified_gmt":"2024-08-21T09:28:01","slug":"conditions-generales","status":"publish","type":"page","link":"https:\/\/maastrichtheuvelland.com\/fr\/algemene-voorwaarden\/","title":{"rendered":"Conditions g\u00e9n\u00e9rales d'utilisation"},"content":{"rendered":"<div data-elementor-type=\"wp-page\" data-elementor-id=\"3735\" class=\"elementor elementor-3735\" data-elementor-post-type=\"page\">\n\t\t\t\t<div class=\"elementor-element elementor-element-c05354d e-flex e-con-boxed elementor-invisible e-con e-parent\" data-id=\"c05354d\" data-element_type=\"container\" data-e-type=\"container\" data-settings=\"{&quot;background_background&quot;:&quot;classic&quot;,&quot;animation&quot;:&quot;fadeIn&quot;,&quot;jet_parallax_layout_list&quot;:[]}\">\n\t\t\t\t\t<div class=\"e-con-inner\">\n\t\t\t\t<div class=\"elementor-element elementor-element-444db82 elementor-widget-mobile__width-inherit elementor-invisible elementor-widget elementor-widget-heading\" data-id=\"444db82\" data-element_type=\"widget\" data-e-type=\"widget\" data-settings=\"{&quot;_animation&quot;:&quot;fadeInUp&quot;}\" data-widget_type=\"heading.default\">\n\t\t\t\t<div class=\"elementor-widget-container\">\n\t\t\t\t\t<h1 class=\"elementor-heading-title elementor-size-default\">Conditions g\u00e9n\u00e9rales d'utilisation<\/h1>\t\t\t\t<\/div>\n\t\t\t\t<\/div>\n\t\t\t\t\t<\/div>\n\t\t\t\t<\/div>\n\t\t<div class=\"elementor-element elementor-element-a1eee65 e-flex e-con-boxed e-con e-parent\" data-id=\"a1eee65\" data-element_type=\"container\" data-e-type=\"container\" data-settings=\"{&quot;jet_parallax_layout_list&quot;:[]}\">\n\t\t\t\t\t<div class=\"e-con-inner\">\n\t\t<div class=\"elementor-element elementor-element-843f8cb e-con-full e-flex e-con e-child\" data-id=\"843f8cb\" data-element_type=\"container\" data-e-type=\"container\" data-settings=\"{&quot;jet_parallax_layout_list&quot;:[]}\">\n\t\t\t\t<div class=\"elementor-element elementor-element-3f7de8c elementor-widget elementor-widget-text-editor\" data-id=\"3f7de8c\" data-element_type=\"widget\" data-e-type=\"widget\" data-widget_type=\"text-editor.default\">\n\t\t\t\t<div class=\"elementor-widget-container\">\n\t\t\t\t\t\t\t\t\t<p><\/p>\n<header>\n<p><strong>Applicabilit\u00e9<\/strong><br \/>Les conditions g\u00e9n\u00e9rales des restaurants participants et des faiseurs de go\u00fbt s'appliquent \u00e0 toutes les r\u00e9servations et \u00e0 tous les services. Maastricht Heuvelland Culinair n'agit qu'en tant que m\u00e9diateur et n'est pas responsable de l'ex\u00e9cution des services par ces parties.<\/p>\n<p><strong>M\u00e9diation<\/strong><br \/>Maastricht Heuvelland Culinair agit en tant qu'interm\u00e9diaire et assure la communication entre les invit\u00e9s et les restaurants ou les faiseurs de go\u00fbt. Le service final rel\u00e8ve de la responsabilit\u00e9 des parties concern\u00e9es.<\/p>\n<p><strong>R\u00e9servations<\/strong><br \/>Maastricht Heuvelland Culinair accuse r\u00e9ception des r\u00e9servations. Les contacts ult\u00e9rieurs et le traitement des r\u00e9servations se font directement entre les h\u00f4tes et les restaurants et restaurateurs concern\u00e9s.<\/p>\n<p><strong>Conditions de paiement<\/strong><br \/>Les paiements doivent \u00eatre effectu\u00e9s directement via notre boutique en ligne. Tous les prix s'entendent TVA comprise. Maastricht Heuvelland Culinair est responsable du traitement des paiements.<\/p>\n<p><strong>Annulations et modifications<\/strong><br \/>Les annulations et les modifications de r\u00e9servation passent toujours par Maastricht Heuvelland Culinair et doivent \u00eatre communiqu\u00e9es par e-mail.\u00a0<\/p>\n<p><strong>Responsabilit\u00e9s<\/strong><br \/>Les h\u00f4tes sont responsables de leur propre s\u00e9curit\u00e9 et de leurs biens pendant leur s\u00e9jour et leurs activit\u00e9s. Maastricht Heuvelland Culinair n'est pas responsable des dommages, pertes ou blessures r\u00e9sultant des services fournis par les restaurants ou les faiseurs de go\u00fbt.<\/p>\n<p><strong>Plaintes<\/strong><br \/>Les plaintes concernant les services doivent \u00eatre adress\u00e9es directement aux restaurants ou aux restaurateurs concern\u00e9s. Maastricht Heuvelland Culinair jouera le r\u00f4le de m\u00e9diateur si n\u00e9cessaire, mais n'est pas tenu d'apporter une solution.<\/p>\n<p><strong>Politique de confidentialit\u00e9<\/strong><br \/>Les donn\u00e9es personnelles sont trait\u00e9es de mani\u00e8re confidentielle conform\u00e9ment \u00e0 la d\u00e9claration de confidentialit\u00e9 disponible sur le site web. Les donn\u00e9es ne sont partag\u00e9es qu'avec les restaurants et les faiseurs de go\u00fbt concern\u00e9s pour le traitement des r\u00e9servations.<\/p>\n<p><strong>Droit applicable<\/strong><br \/>Tous les accords sont r\u00e9gis par le droit n\u00e9erlandais. Tout litige sera soumis au tribunal comp\u00e9tent de Maastricht.<\/p>\n<p>Pour plus d'informations, envoyez un courriel \u00e0 info@maastrichtheuvelland.com<\/p>\n<\/header>\n<p><\/p>\t\t\t\t\t\t\t\t<\/div>\n\t\t\t\t<\/div>\n\t\t\t\t<\/div>\n\t\t\t\t\t<\/div>\n\t\t\t\t<\/div>\n\t\t\t\t<\/div>","protected":false},"excerpt":{"rendered":"<p>Algemene voorwaarden ToepasselijkheidDe algemene voorwaarden van de deelnemende restaurants en smaakmakers zijn van toepassing op alle reserveringen en diensten. Maastricht Heuvelland Culinair bemiddelt alleen en heeft geen verantwoordelijkheid voor de uitvoering van de diensten door deze partijen. BemiddelingMaastricht Heuvelland Culinair fungeert als tussenpersoon en zorgt voor de communicatie tussen gasten en de restaurants of smaakmakers. [&hellip;]<\/p>\n","protected":false},"author":1,"featured_media":0,"parent":0,"menu_order":0,"comment_status":"closed","ping_status":"closed","template":"elementor_header_footer","meta":{"footnotes":""},"class_list":["post-3735","page","type-page","status-publish","hentry"],"_links":{"self":[{"href":"https:\/\/maastrichtheuvelland.com\/fr\/wp-json\/wp\/v2\/pages\/3735","targetHints":{"allow":["GET"]}}],"collection":[{"href":"https:\/\/maastrichtheuvelland.com\/fr\/wp-json\/wp\/v2\/pages"}],"about":[{"href":"https:\/\/maastrichtheuvelland.com\/fr\/wp-json\/wp\/v2\/types\/page"}],"author":[{"embeddable":true,"href":"https:\/\/maastrichtheuvelland.com\/fr\/wp-json\/wp\/v2\/users\/1"}],"replies":[{"embeddable":true,"href":"https:\/\/maastrichtheuvelland.com\/fr\/wp-json\/wp\/v2\/comments?post=3735"}],"version-history":[{"count":5,"href":"https:\/\/maastrichtheuvelland.com\/fr\/wp-json\/wp\/v2\/pages\/3735\/revisions"}],"predecessor-version":[{"id":3753,"href":"https:\/\/maastrichtheuvelland.com\/fr\/wp-json\/wp\/v2\/pages\/3735\/revisions\/3753"}],"wp:attachment":[{"href":"https:\/\/maastrichtheuvelland.com\/fr\/wp-json\/wp\/v2\/media?parent=3735"}],"curies":[{"name":"wp","href":"https:\/\/api.w.org\/{rel}","templated":true}]}}